{"id":1364,"date":"2021-04-18T19:20:57","date_gmt":"2021-04-18T17:20:57","guid":{"rendered":"http:\/\/h2882894.stratoserver.net\/?page_id=1364"},"modified":"2021-07-25T05:44:53","modified_gmt":"2021-07-25T03:44:53","slug":"bachpatenschaft","status":"publish","type":"page","link":"https:\/\/www.sfc-ellerstadt.de\/?page_id=1364","title":{"rendered":"Bachpatenschaft"},"content":{"rendered":"\t\t<div data-elementor-type=\"wp-page\" data-elementor-id=\"1364\" class=\"elementor elementor-1364\">\n\t\t\t\t\t\t\t\t\t<section class=\"elementor-section elementor-top-section elementor-element elementor-element-326a87c elementor-section-boxed elementor-section-height-default elementor-section-height-default\" data-id=\"326a87c\" data-element_type=\"section\">\n\t\t\t\t\t\t<div class=\"elementor-container elementor-column-gap-default\">\n\t\t\t\t\t<div class=\"elementor-column elementor-col-66 elementor-top-column elementor-element elementor-element-c797435\" data-id=\"c797435\" data-element_type=\"column\">\n\t\t\t<div class=\"elementor-widget-wrap elementor-element-populated\">\n\t\t\t\t\t\t\t\t<div class=\"elementor-element elementor-element-dc92e3e elementor-widget elementor-widget-spacer\" data-id=\"dc92e3e\" data-element_type=\"widget\" data-widget_type=\"spacer.default\">\n\t\t\t\t<div class=\"elementor-widget-container\">\n\t\t\t\t\t<div class=\"elementor-spacer\">\n\t\t\t<div class=\"elementor-spacer-inner\"><\/div>\n\t\t<\/div>\n\t\t\t\t<\/div>\n\t\t\t\t<\/div>\n\t\t\t\t<div class=\"elementor-element elementor-element-9fd3e2e elementor-widget elementor-widget-heading\" data-id=\"9fd3e2e\" data-element_type=\"widget\" data-widget_type=\"heading.default\">\n\t\t\t\t<div class=\"elementor-widget-container\">\n\t\t\t<h2 class=\"elementor-heading-title elementor-size-default\">Die Bachpatenschaft<\/h2>\t\t<\/div>\n\t\t\t\t<\/div>\n\t\t\t\t<div class=\"elementor-element elementor-element-871f81c elementor-widget elementor-widget-text-editor\" data-id=\"871f81c\" data-element_type=\"widget\" data-widget_type=\"text-editor.default\">\n\t\t\t\t<div class=\"elementor-widget-container\">\n\t\t\t\t\t\t\t<p>Im Rahmen der Aktion BLAU* der Landesregierung Rheinland-Pfalz haben wir 2010 auch die \u201eBachpatenschaft\u201c f\u00fcr das Gew\u00e4sser und die unmittelbare Umgebung \u00fcbernommen.<\/p><p>Eine Bachpatenschaft ist eine gemeinn\u00fctzige und ehrenamtliche T\u00e4tigkeit im Rahmen der \u00f6ffentlich-rechtlichen Gew\u00e4sserunter\u00adhaltung.<\/p><p><a href=\"https:\/\/www.sfc-ellerstadt.de\/wp_cms\/wp-content\/uploads\/2021\/05\/Auszug-Bachpatenschaft-fuer-den-Ellerstadter-Weiher-1.pdf\" target=\"_blank\" rel=\"noopener\">Bachpatenschaft SFC<\/a><\/p><p><a href=\"https:\/\/aktion-blau-plus.rlp-umwelt.de\/servlet\/is\/8380\/\" target=\"_blank\" rel=\"noopener\">Aktion Blau Land Rheinland-Pfalz<\/a><\/p><p>*Bestandteil zur Umsetzung der Ziele der EG-Wasserrahmenrichtlinie. Europaweite staatliche Initiative zu Erhalt und Renaturierung \u00f6ffentlicher Gew\u00e4sser und zur Verbesserung der Gew\u00e4sser\u00f6kologie.<\/p>\t\t\t\t\t\t<\/div>\n\t\t\t\t<\/div>\n\t\t\t\t<div class=\"elementor-element elementor-element-e5502df elementor-skin-carousel elementor-arrows-yes elementor-pagination-type-bullets elementor-pagination-position-outside elementor-widget elementor-widget-media-carousel\" data-id=\"e5502df\" data-element_type=\"widget\" data-settings=\"{&quot;skin&quot;:&quot;carousel&quot;,&quot;effect&quot;:&quot;slide&quot;,&quot;show_arrows&quot;:&quot;yes&quot;,&quot;pagination&quot;:&quot;bullets&quot;,&quot;speed&quot;:500,&quot;loop&quot;:&quot;yes&quot;,&quot;space_between&quot;:{&quot;unit&quot;:&quot;px&quot;,&quot;size&quot;:10,&quot;sizes&quot;:[]},&quot;space_between_tablet&quot;:{&quot;unit&quot;:&quot;px&quot;,&quot;size&quot;:10,&quot;sizes&quot;:[]},&quot;space_between_mobile&quot;:{&quot;unit&quot;:&quot;px&quot;,&quot;size&quot;:10,&quot;sizes&quot;:[]}}\" data-widget_type=\"media-carousel.default\">\n\t\t\t\t<div class=\"elementor-widget-container\">\n\t\t\t\t\t<div class=\"elementor-swiper\">\n\t\t\t<div class=\"elementor-main-swiper swiper-container\">\n\t\t\t\t<div class=\"swiper-wrapper\">\n\t\t\t\t\t\t\t\t\t\t\t<div class=\"swiper-slide\">\n\t\t\t\t\t\t\t<a href=\"https:\/\/www.sfc-ellerstadt.de\/wp_cms\/wp-content\/uploads\/2021\/05\/Entruempelung-Weiher-1993.jpg\" data-elementor-open-lightbox=\"yes\" data-elementor-lightbox-slideshow=\"e5502df\" data-elementor-lightbox-title=\"Entr\u00fcmpelung Weiher 1993\" e-action-hash=\"#elementor-action%3Aaction%3Dlightbox%26settings%3DeyJpZCI6MzAxOSwidXJsIjoiaHR0cHM6XC9cL3d3dy5zZmMtZWxsZXJzdGFkdC5kZVwvd3BfY21zXC93cC1jb250ZW50XC91cGxvYWRzXC8yMDIxXC8wNVwvRW50cnVlbXBlbHVuZy1XZWloZXItMTk5My5qcGciLCJzbGlkZXNob3ciOiJlNTUwMmRmIn0%3D\">\t\t<div class=\"elementor-carousel-image\" style=\"background-image: url(https:\/\/www.sfc-ellerstadt.de\/wp_cms\/wp-content\/uploads\/2021\/05\/Entruempelung-Weiher-1993.jpg)\">\n\t\t\t\t\t<\/div>\n\t\t<\/a>\t\t\t\t\t\t<\/div>\n\t\t\t\t\t\t\t\t\t\t\t<div class=\"swiper-slide\">\n\t\t\t\t\t\t\t<a href=\"https:\/\/www.sfc-ellerstadt.de\/wp_cms\/wp-content\/uploads\/2021\/05\/BVW-Tauchereinsatz-1993.jpg\" data-elementor-open-lightbox=\"yes\" data-elementor-lightbox-slideshow=\"e5502df\" data-elementor-lightbox-title=\"Tauchereinsatz 1993\" e-action-hash=\"#elementor-action%3Aaction%3Dlightbox%26settings%3DeyJpZCI6MjgzOCwidXJsIjoiaHR0cHM6XC9cL3d3dy5zZmMtZWxsZXJzdGFkdC5kZVwvd3BfY21zXC93cC1jb250ZW50XC91cGxvYWRzXC8yMDIxXC8wNVwvQlZXLVRhdWNoZXJlaW5zYXR6LTE5OTMuanBnIiwic2xpZGVzaG93IjoiZTU1MDJkZiJ9\">\t\t<div class=\"elementor-carousel-image\" style=\"background-image: url(https:\/\/www.sfc-ellerstadt.de\/wp_cms\/wp-content\/uploads\/2021\/05\/BVW-Tauchereinsatz-1993.jpg)\">\n\t\t\t\t\t<\/div>\n\t\t<\/a>\t\t\t\t\t\t<\/div>\n\t\t\t\t\t\t\t\t\t\t\t<div class=\"swiper-slide\">\n\t\t\t\t\t\t\t<a href=\"https:\/\/www.sfc-ellerstadt.de\/wp_cms\/wp-content\/uploads\/2021\/05\/Rasen-maehen-aber-unter-Wasser_Maehboot-im-Einsatz.jpg\" data-elementor-open-lightbox=\"yes\" data-elementor-lightbox-slideshow=\"e5502df\" data-elementor-lightbox-title=\"Rasen m\u00e4hen - aber unter Wasser- M\u00e4hboot im Einsatz\" e-action-hash=\"#elementor-action%3Aaction%3Dlightbox%26settings%3DeyJpZCI6MzAyNCwidXJsIjoiaHR0cHM6XC9cL3d3dy5zZmMtZWxsZXJzdGFkdC5kZVwvd3BfY21zXC93cC1jb250ZW50XC91cGxvYWRzXC8yMDIxXC8wNVwvUmFzZW4tbWFlaGVuLWFiZXItdW50ZXItV2Fzc2VyX01hZWhib290LWltLUVpbnNhdHouanBnIiwic2xpZGVzaG93IjoiZTU1MDJkZiJ9\">\t\t<div class=\"elementor-carousel-image\" style=\"background-image: url(https:\/\/www.sfc-ellerstadt.de\/wp_cms\/wp-content\/uploads\/2021\/05\/Rasen-maehen-aber-unter-Wasser_Maehboot-im-Einsatz.jpg)\">\n\t\t\t\t\t<\/div>\n\t\t<\/a>\t\t\t\t\t\t<\/div>\n\t\t\t\t\t\t\t\t\t\t\t<div class=\"swiper-slide\">\n\t\t\t\t\t\t\t<a href=\"https:\/\/www.sfc-ellerstadt.de\/wp_cms\/wp-content\/uploads\/2021\/05\/Rasen-maehen-aber-unter-Wasser_Maehboot-im-Einsatz-02.jpg\" data-elementor-open-lightbox=\"yes\" data-elementor-lightbox-slideshow=\"e5502df\" data-elementor-lightbox-title=\"Rasen m\u00e4hen - aber unter Wasser - M\u00e4hboot im Einsatz\" e-action-hash=\"#elementor-action%3Aaction%3Dlightbox%26settings%3DeyJpZCI6MzAyMywidXJsIjoiaHR0cHM6XC9cL3d3dy5zZmMtZWxsZXJzdGFkdC5kZVwvd3BfY21zXC93cC1jb250ZW50XC91cGxvYWRzXC8yMDIxXC8wNVwvUmFzZW4tbWFlaGVuLWFiZXItdW50ZXItV2Fzc2VyX01hZWhib290LWltLUVpbnNhdHotMDIuanBnIiwic2xpZGVzaG93IjoiZTU1MDJkZiJ9\">\t\t<div class=\"elementor-carousel-image\" style=\"background-image: url(https:\/\/www.sfc-ellerstadt.de\/wp_cms\/wp-content\/uploads\/2021\/05\/Rasen-maehen-aber-unter-Wasser_Maehboot-im-Einsatz-02.jpg)\">\n\t\t\t\t\t<\/div>\n\t\t<\/a>\t\t\t\t\t\t<\/div>\n\t\t\t\t\t\t\t\t\t\t\t<div class=\"swiper-slide\">\n\t\t\t\t\t\t\t<a href=\"https:\/\/www.sfc-ellerstadt.de\/wp_cms\/wp-content\/uploads\/2021\/05\/Aufraeumen-am-Weiher-2004-scaled.jpg\" data-elementor-open-lightbox=\"yes\" data-elementor-lightbox-slideshow=\"e5502df\" data-elementor-lightbox-title=\"Aufr\u00e4umen am Weiher 2004\" e-action-hash=\"#elementor-action%3Aaction%3Dlightbox%26settings%3DeyJpZCI6MjM4NSwidXJsIjoiaHR0cHM6XC9cL3d3dy5zZmMtZWxsZXJzdGFkdC5kZVwvd3BfY21zXC93cC1jb250ZW50XC91cGxvYWRzXC8yMDIxXC8wNVwvQXVmcmFldW1lbi1hbS1XZWloZXItMjAwNC1zY2FsZWQuanBnIiwic2xpZGVzaG93IjoiZTU1MDJkZiJ9\">\t\t<div class=\"elementor-carousel-image\" style=\"background-image: url(https:\/\/www.sfc-ellerstadt.de\/wp_cms\/wp-content\/uploads\/2021\/05\/Aufraeumen-am-Weiher-2004-scaled.jpg)\">\n\t\t\t\t\t<\/div>\n\t\t<\/a>\t\t\t\t\t\t<\/div>\n\t\t\t\t\t\t\t\t\t\t\t<div class=\"swiper-slide\">\n\t\t\t\t\t\t\t<a href=\"https:\/\/www.sfc-ellerstadt.de\/wp_cms\/wp-content\/uploads\/2021\/05\/BvW_Aufraeumen-am-Weiher-01.jpg\" data-elementor-open-lightbox=\"yes\" data-elementor-lightbox-slideshow=\"e5502df\" data-elementor-lightbox-title=\"Aufr\u00e4umen am Weiher\" e-action-hash=\"#elementor-action%3Aaction%3Dlightbox%26settings%3DeyJpZCI6MzAyMiwidXJsIjoiaHR0cHM6XC9cL3d3dy5zZmMtZWxsZXJzdGFkdC5kZVwvd3BfY21zXC93cC1jb250ZW50XC91cGxvYWRzXC8yMDIxXC8wNVwvQnZXX0F1ZnJhZXVtZW4tYW0tV2VpaGVyLTAxLmpwZyIsInNsaWRlc2hvdyI6ImU1NTAyZGYifQ%3D%3D\">\t\t<div class=\"elementor-carousel-image\" style=\"background-image: url(https:\/\/www.sfc-ellerstadt.de\/wp_cms\/wp-content\/uploads\/2021\/05\/BvW_Aufraeumen-am-Weiher-01.jpg)\">\n\t\t\t\t\t<\/div>\n\t\t<\/a>\t\t\t\t\t\t<\/div>\n\t\t\t\t\t\t\t\t\t\t\t<div class=\"swiper-slide\">\n\t\t\t\t\t\t\t<a href=\"https:\/\/www.sfc-ellerstadt.de\/wp_cms\/wp-content\/uploads\/2021\/05\/BvW_Leider-gibt-es-das-auch-heute-noch-05.jpg\" data-elementor-open-lightbox=\"yes\" data-elementor-lightbox-slideshow=\"e5502df\" data-elementor-lightbox-title=\"Leider gibt es das auch heute noch\" e-action-hash=\"#elementor-action%3Aaction%3Dlightbox%26settings%3DeyJpZCI6MjM4NywidXJsIjoiaHR0cHM6XC9cL3d3dy5zZmMtZWxsZXJzdGFkdC5kZVwvd3BfY21zXC93cC1jb250ZW50XC91cGxvYWRzXC8yMDIxXC8wNVwvQnZXX0xlaWRlci1naWJ0LWVzLWRhcy1hdWNoLWhldXRlLW5vY2gtMDUuanBnIiwic2xpZGVzaG93IjoiZTU1MDJkZiJ9\">\t\t<div class=\"elementor-carousel-image\" style=\"background-image: url(https:\/\/www.sfc-ellerstadt.de\/wp_cms\/wp-content\/uploads\/2021\/05\/BvW_Leider-gibt-es-das-auch-heute-noch-05.jpg)\">\n\t\t\t\t\t<\/div>\n\t\t<\/a>\t\t\t\t\t\t<\/div>\n\t\t\t\t\t\t\t\t\t\t\t<div class=\"swiper-slide\">\n\t\t\t\t\t\t\t<a href=\"https:\/\/www.sfc-ellerstadt.de\/wp_cms\/wp-content\/uploads\/2021\/05\/BvW-Besatz-der-Fischtanker-ist-da-01.jpg\" data-elementor-open-lightbox=\"yes\" data-elementor-lightbox-slideshow=\"e5502df\" data-elementor-lightbox-title=\"Besatz - der Fischtanker ist da\" e-action-hash=\"#elementor-action%3Aaction%3Dlightbox%26settings%3DeyJpZCI6MzAyMSwidXJsIjoiaHR0cHM6XC9cL3d3dy5zZmMtZWxsZXJzdGFkdC5kZVwvd3BfY21zXC93cC1jb250ZW50XC91cGxvYWRzXC8yMDIxXC8wNVwvQnZXLUJlc2F0ei1kZXItRmlzY2h0YW5rZXItaXN0LWRhLTAxLmpwZyIsInNsaWRlc2hvdyI6ImU1NTAyZGYifQ%3D%3D\">\t\t<div class=\"elementor-carousel-image\" style=\"background-image: url(https:\/\/www.sfc-ellerstadt.de\/wp_cms\/wp-content\/uploads\/2021\/05\/BvW-Besatz-der-Fischtanker-ist-da-01.jpg)\">\n\t\t\t\t\t<\/div>\n\t\t<\/a>\t\t\t\t\t\t<\/div>\n\t\t\t\t\t\t\t\t\t<\/div>\n\t\t\t\t\t\t\t\t\t\t\t\t\t\t\t<div class=\"swiper-pagination\"><\/div>\n\t\t\t\t\t\t\t\t\t\t\t\t\t\t\t\t<div class=\"elementor-swiper-button elementor-swiper-button-prev\">\n\t\t\t\t\t\t\t<i class=\"eicon-chevron-left\" aria-hidden=\"true\"><\/i>\n\t\t\t\t\t\t\t<span class=\"elementor-screen-only\">Previous<\/span>\n\t\t\t\t\t\t<\/div>\n\t\t\t\t\t\t<div class=\"elementor-swiper-button elementor-swiper-button-next\">\n\t\t\t\t\t\t\t<i class=\"eicon-chevron-right\" aria-hidden=\"true\"><\/i>\n\t\t\t\t\t\t\t<span class=\"elementor-screen-only\">Next<\/span>\n\t\t\t\t\t\t<\/div>\n\t\t\t\t\t\t\t\t\t\t\t\t<\/div>\n\t\t<\/div>\n\t\t\t\t<\/div>\n\t\t\t\t<\/div>\n\t\t\t\t<div class=\"elementor-element elementor-element-dc3ac2d elementor-widget elementor-widget-heading\" data-id=\"dc3ac2d\" data-element_type=\"widget\" data-widget_type=\"heading.default\">\n\t\t\t\t<div class=\"elementor-widget-container\">\n\t\t\t<h4 class=\"elementor-heading-title elementor-size-default\">Die Aufgaben<\/h4>\t\t<\/div>\n\t\t\t\t<\/div>\n\t\t\t\t<div class=\"elementor-element elementor-element-d60c655 elementor-widget elementor-widget-text-editor\" data-id=\"d60c655\" data-element_type=\"widget\" data-widget_type=\"text-editor.default\">\n\t\t\t\t<div class=\"elementor-widget-container\">\n\t\t\t\t\t\t\t<ul><li>Hege und Pflege der Umgebung des Weihers<\/li><li>Hege und Pflege eines artgerechten und gesunden Bestandes an Fischen und Pflanzen<\/li><li>\u00dcberwachung der Wasserqualit\u00e4t<\/li><li>Planung, Koordination und Umsetzung notwendiger Ma\u00dfnahmen zum Schutz und Erhalt der Natur<\/li><li>Gew\u00e4sseraufsicht und Fischereikontrolle<\/li><li>Erstellen eines periodischen Zustandsberichtes<\/li><\/ul>\t\t\t\t\t\t<\/div>\n\t\t\t\t<\/div>\n\t\t\t\t<div class=\"elementor-element elementor-element-7e3874e elementor-widget elementor-widget-heading\" data-id=\"7e3874e\" data-element_type=\"widget\" data-widget_type=\"heading.default\">\n\t\t\t\t<div class=\"elementor-widget-container\">\n\t\t\t<h4 class=\"elementor-heading-title elementor-size-default\">Das Team<\/h4>\t\t<\/div>\n\t\t\t\t<\/div>\n\t\t\t\t<div class=\"elementor-element elementor-element-67096d9 elementor-widget elementor-widget-text-editor\" data-id=\"67096d9\" data-element_type=\"widget\" data-widget_type=\"text-editor.default\">\n\t\t\t\t<div class=\"elementor-widget-container\">\n\t\t\t\t\t\t\t<p>Folgende Vereinsmitglieder engagieren sich im Team Bachpatenschaft:<\/p><ul><li>Alexander Diehl<\/li><li>Boris Diehl<\/li><li>Peter Georgens<\/li><\/ul>\t\t\t\t\t\t<\/div>\n\t\t\t\t<\/div>\n\t\t\t\t<div class=\"elementor-element elementor-element-537e908 elementor-widget elementor-widget-text-editor\" data-id=\"537e908\" data-element_type=\"widget\" data-widget_type=\"text-editor.default\">\n\t\t\t\t<div class=\"elementor-widget-container\">\n\t\t\t\t\t\t\t<p>Bei Fragen und Anregungen <a href=\"mailto: kontakt@sfc-ellerstadt.de\" target=\"_blank\" rel=\"noopener\">kontaktieren<\/a> Sie uns gerne.<\/p>\t\t\t\t\t\t<\/div>\n\t\t\t\t<\/div>\n\t\t\t\t\t<\/div>\n\t\t<\/div>\n\t\t\t\t<div class=\"elementor-column elementor-col-33 elementor-top-column elementor-element elementor-element-b568108\" data-id=\"b568108\" data-element_type=\"column\">\n\t\t\t<div class=\"elementor-widget-wrap elementor-element-populated\">\n\t\t\t\t\t\t\t\t<div class=\"elementor-element elementor-element-c3e8a1d elementor-widget elementor-widget-spacer\" data-id=\"c3e8a1d\" data-element_type=\"widget\" data-widget_type=\"spacer.default\">\n\t\t\t\t<div class=\"elementor-widget-container\">\n\t\t\t\t\t<div class=\"elementor-spacer\">\n\t\t\t<div class=\"elementor-spacer-inner\"><\/div>\n\t\t<\/div>\n\t\t\t\t<\/div>\n\t\t\t\t<\/div>\n\t\t\t\t<div class=\"elementor-element elementor-element-63d1b22 elementor-nav-menu--indicator-none elementor-nav-menu--dropdown-none elementor-widget elementor-widget-nav-menu\" data-id=\"63d1b22\" data-element_type=\"widget\" data-settings=\"{&quot;sticky&quot;:&quot;top&quot;,&quot;sticky_offset&quot;:100,&quot;layout&quot;:&quot;horizontal&quot;,&quot;sticky_on&quot;:[&quot;desktop&quot;,&quot;tablet&quot;,&quot;mobile&quot;],&quot;sticky_effects_offset&quot;:0}\" data-widget_type=\"nav-menu.default\">\n\t\t\t\t<div class=\"elementor-widget-container\">\n\t\t\t\t\t\t<nav role=\"navigation\" class=\"elementor-nav-menu--main elementor-nav-menu__container elementor-nav-menu--layout-horizontal e--pointer-text e--animation-grow\"><ul id=\"menu-1-63d1b22\" class=\"elementor-nav-menu\"><li class=\"menu-item menu-item-type-post_type menu-item-object-page menu-item-1375\"><a href=\"https:\/\/www.sfc-ellerstadt.de\/?page_id=1364\" class=\"elementor-item\">Bachpatenschaft<\/a><\/li>\n<li class=\"menu-item menu-item-type-post_type menu-item-object-page menu-item-1374\"><a href=\"https:\/\/www.sfc-ellerstadt.de\/?page_id=1366\" class=\"elementor-item\">Fischerwiese<\/a><\/li>\n<li class=\"menu-item menu-item-type-post_type menu-item-object-page menu-item-3048\"><a href=\"https:\/\/www.sfc-ellerstadt.de\/?page_id=3037\" class=\"elementor-item\">Team IT<\/a><\/li>\n<\/ul><\/nav>\n\t\t\t\t\t<div class=\"elementor-menu-toggle\" role=\"button\" tabindex=\"0\" aria-label=\"Menu Toggle\" aria-expanded=\"false\">\n\t\t\t<i class=\"eicon-menu-bar\" aria-hidden=\"true\"><\/i>\n\t\t\t<span class=\"elementor-screen-only\">Menu<\/span>\n\t\t<\/div>\n\t\t\t<nav class=\"elementor-nav-menu--dropdown elementor-nav-menu__container\" role=\"navigation\" aria-hidden=\"true\"><ul id=\"menu-2-63d1b22\" class=\"elementor-nav-menu\"><li class=\"menu-item menu-item-type-post_type menu-item-object-page menu-item-1375\"><a href=\"https:\/\/www.sfc-ellerstadt.de\/?page_id=1364\" class=\"elementor-item\">Bachpatenschaft<\/a><\/li>\n<li class=\"menu-item menu-item-type-post_type menu-item-object-page menu-item-1374\"><a href=\"https:\/\/www.sfc-ellerstadt.de\/?page_id=1366\" class=\"elementor-item\">Fischerwiese<\/a><\/li>\n<li class=\"menu-item menu-item-type-post_type menu-item-object-page menu-item-3048\"><a href=\"https:\/\/www.sfc-ellerstadt.de\/?page_id=3037\" class=\"elementor-item\">Team IT<\/a><\/li>\n<\/ul><\/nav>\n\t\t\t\t<\/div>\n\t\t\t\t<\/div>\n\t\t\t\t\t<\/div>\n\t\t<\/div>\n\t\t\t\t\t\t\t<\/div>\n\t\t<\/section>\n\t\t\t\t\t\t\t<\/div>\n\t\t","protected":false},"excerpt":{"rendered":"<p>Die Bachpatenschaft Im Rahmen der Aktion BLAU* der Landesregierung Rheinland-Pfalz haben wir 2010 auch die \u201eBachpatenschaft\u201c f\u00fcr das Gew\u00e4sser und die unmittelbare Umgebung \u00fcbernommen. Eine Bachpatenschaft ist eine gemeinn\u00fctzige und ehrenamtliche T\u00e4tigkeit im Rahmen der \u00f6ffentlich-rechtlichen Gew\u00e4sserunter\u00adhaltung. Bachpatenschaft SFC Aktion Blau Land Rheinland-Pfalz *Bestandteil zur Umsetzung der Ziele der EG-Wasserrahmenrichtlinie. Europaweite staatliche Initiative zu Erhalt [&hellip;]<\/p>\n","protected":false},"author":1,"featured_media":0,"parent":1192,"menu_order":0,"comment_status":"closed","ping_status":"closed","template":"elementor_header_footer","meta":{"footnotes":""},"class_list":["post-1364","page","type-page","status-publish","hentry"],"_links":{"self":[{"href":"https:\/\/www.sfc-ellerstadt.de\/index.php?rest_route=\/wp\/v2\/pages\/1364","targetHints":{"allow":["GET"]}}],"collection":[{"href":"https:\/\/www.sfc-ellerstadt.de\/index.php?rest_route=\/wp\/v2\/pages"}],"about":[{"href":"https:\/\/www.sfc-ellerstadt.de\/index.php?rest_route=\/wp\/v2\/types\/page"}],"author":[{"embeddable":true,"href":"https:\/\/www.sfc-ellerstadt.de\/index.php?rest_route=\/wp\/v2\/users\/1"}],"replies":[{"embeddable":true,"href":"https:\/\/www.sfc-ellerstadt.de\/index.php?rest_route=%2Fwp%2Fv2%2Fcomments&post=1364"}],"version-history":[{"count":77,"href":"https:\/\/www.sfc-ellerstadt.de\/index.php?rest_route=\/wp\/v2\/pages\/1364\/revisions"}],"predecessor-version":[{"id":4347,"href":"https:\/\/www.sfc-ellerstadt.de\/index.php?rest_route=\/wp\/v2\/pages\/1364\/revisions\/4347"}],"up":[{"embeddable":true,"href":"https:\/\/www.sfc-ellerstadt.de\/index.php?rest_route=\/wp\/v2\/pages\/1192"}],"wp:attachment":[{"href":"https:\/\/www.sfc-ellerstadt.de\/index.php?rest_route=%2Fwp%2Fv2%2Fmedia&parent=1364"}],"curies":[{"name":"wp","href":"https:\/\/api.w.org\/{rel}","templated":true}]}}