{"id":3037,"date":"2021-05-22T06:39:59","date_gmt":"2021-05-22T04:39:59","guid":{"rendered":"https:\/\/www.sfc-ellerstadt.de\/?page_id=3037"},"modified":"2021-07-25T05:46:17","modified_gmt":"2021-07-25T03:46:17","slug":"team-it","status":"publish","type":"page","link":"https:\/\/www.sfc-ellerstadt.de\/?page_id=3037","title":{"rendered":"Team IT"},"content":{"rendered":"\t\t<div data-elementor-type=\"wp-page\" data-elementor-id=\"3037\" class=\"elementor elementor-3037\">\n\t\t\t\t\t\t\t\t\t<section class=\"elementor-section elementor-top-section elementor-element elementor-element-bcb1a8f elementor-section-boxed elementor-section-height-default elementor-section-height-default\" data-id=\"bcb1a8f\" data-element_type=\"section\">\n\t\t\t\t\t\t<div class=\"elementor-container elementor-column-gap-default\">\n\t\t\t\t\t<div class=\"elementor-column elementor-col-66 elementor-top-column elementor-element elementor-element-9bb89f3\" data-id=\"9bb89f3\" data-element_type=\"column\">\n\t\t\t<div class=\"elementor-widget-wrap elementor-element-populated\">\n\t\t\t\t\t\t\t\t<div class=\"elementor-element elementor-element-ecbd1a1 elementor-widget elementor-widget-spacer\" data-id=\"ecbd1a1\" data-element_type=\"widget\" data-widget_type=\"spacer.default\">\n\t\t\t\t<div class=\"elementor-widget-container\">\n\t\t\t\t\t<div class=\"elementor-spacer\">\n\t\t\t<div class=\"elementor-spacer-inner\"><\/div>\n\t\t<\/div>\n\t\t\t\t<\/div>\n\t\t\t\t<\/div>\n\t\t\t\t<div class=\"elementor-element elementor-element-2c7a2cc elementor-widget elementor-widget-heading\" data-id=\"2c7a2cc\" data-element_type=\"widget\" data-widget_type=\"heading.default\">\n\t\t\t\t<div class=\"elementor-widget-container\">\n\t\t\t<h2 class=\"elementor-heading-title elementor-size-default\">Team IT<\/h2>\t\t<\/div>\n\t\t\t\t<\/div>\n\t\t\t\t<div class=\"elementor-element elementor-element-13379c6 elementor-widget elementor-widget-heading\" data-id=\"13379c6\" data-element_type=\"widget\" data-widget_type=\"heading.default\">\n\t\t\t\t<div class=\"elementor-widget-container\">\n\t\t\t<h4 class=\"elementor-heading-title elementor-size-default\">Die Aufgaben<\/h4>\t\t<\/div>\n\t\t\t\t<\/div>\n\t\t\t\t<div class=\"elementor-element elementor-element-574f576 elementor-widget elementor-widget-text-editor\" data-id=\"574f576\" data-element_type=\"widget\" data-widget_type=\"text-editor.default\">\n\t\t\t\t<div class=\"elementor-widget-container\">\n\t\t\t\t\t\t\t<p>Das Team besch\u00e4ftigt sich mit allen IT-Themen die den Verein betreffen und unterst\u00fctz den Vorstand bei Entscheidungen. Dazu z\u00e4hlt zum Beispiel:<\/p><ul><li>Internetpr\u00e4senz (Homepage)<\/li><li>Online-Besprechungen<\/li><li>E-Mail<\/li><li>Online-Security<\/li><li>Social-Media<\/li><\/ul>\t\t\t\t\t\t<\/div>\n\t\t\t\t<\/div>\n\t\t\t\t<div class=\"elementor-element elementor-element-d587c80 elementor-widget elementor-widget-heading\" data-id=\"d587c80\" data-element_type=\"widget\" data-widget_type=\"heading.default\">\n\t\t\t\t<div class=\"elementor-widget-container\">\n\t\t\t<h4 class=\"elementor-heading-title elementor-size-default\">Das Team<\/h4>\t\t<\/div>\n\t\t\t\t<\/div>\n\t\t\t\t<div class=\"elementor-element elementor-element-fe1cf15 elementor-widget elementor-widget-text-editor\" data-id=\"fe1cf15\" data-element_type=\"widget\" data-widget_type=\"text-editor.default\">\n\t\t\t\t<div class=\"elementor-widget-container\">\n\t\t\t\t\t\t\t<p>Folgende Vereinsmitglieder engagieren sich im Team IT:<\/p><ul><li>Klaus Altmeyer<\/li><li>Boris Diehl<\/li><\/ul>\t\t\t\t\t\t<\/div>\n\t\t\t\t<\/div>\n\t\t\t\t<div class=\"elementor-element elementor-element-76d395b elementor-widget elementor-widget-text-editor\" data-id=\"76d395b\" data-element_type=\"widget\" data-widget_type=\"text-editor.default\">\n\t\t\t\t<div class=\"elementor-widget-container\">\n\t\t\t\t\t\t\t<p>Bei Fragen und Anregungen<a href=\"mailto: kontakt@sfc-ellerstadt.de\" target=\"_blank\" rel=\"noopener\"> kontaktieren<\/a> Sie uns gerne.<\/p>\t\t\t\t\t\t<\/div>\n\t\t\t\t<\/div>\n\t\t\t\t\t<\/div>\n\t\t<\/div>\n\t\t\t\t<div class=\"elementor-column elementor-col-33 elementor-top-column elementor-element elementor-element-5ffeacf\" data-id=\"5ffeacf\" data-element_type=\"column\">\n\t\t\t<div class=\"elementor-widget-wrap elementor-element-populated\">\n\t\t\t\t\t\t\t\t<div class=\"elementor-element elementor-element-57bdc4e elementor-widget elementor-widget-spacer\" data-id=\"57bdc4e\" data-element_type=\"widget\" data-widget_type=\"spacer.default\">\n\t\t\t\t<div class=\"elementor-widget-container\">\n\t\t\t\t\t<div class=\"elementor-spacer\">\n\t\t\t<div class=\"elementor-spacer-inner\"><\/div>\n\t\t<\/div>\n\t\t\t\t<\/div>\n\t\t\t\t<\/div>\n\t\t\t\t<div class=\"elementor-element elementor-element-ef5c6a5 elementor-nav-menu--indicator-none elementor-nav-menu--dropdown-none elementor-widget elementor-widget-nav-menu\" data-id=\"ef5c6a5\" data-element_type=\"widget\" data-settings=\"{&quot;sticky&quot;:&quot;top&quot;,&quot;sticky_offset&quot;:100,&quot;layout&quot;:&quot;horizontal&quot;,&quot;sticky_on&quot;:[&quot;desktop&quot;,&quot;tablet&quot;,&quot;mobile&quot;],&quot;sticky_effects_offset&quot;:0}\" data-widget_type=\"nav-menu.default\">\n\t\t\t\t<div class=\"elementor-widget-container\">\n\t\t\t\t\t\t<nav role=\"navigation\" class=\"elementor-nav-menu--main elementor-nav-menu__container elementor-nav-menu--layout-horizontal e--pointer-text e--animation-grow\"><ul id=\"menu-1-ef5c6a5\" class=\"elementor-nav-menu\"><li class=\"menu-item menu-item-type-post_type menu-item-object-page menu-item-1375\"><a href=\"https:\/\/www.sfc-ellerstadt.de\/?page_id=1364\" class=\"elementor-item\">Bachpatenschaft<\/a><\/li>\n<li class=\"menu-item menu-item-type-post_type menu-item-object-page menu-item-1374\"><a href=\"https:\/\/www.sfc-ellerstadt.de\/?page_id=1366\" class=\"elementor-item\">Fischerwiese<\/a><\/li>\n<li class=\"menu-item menu-item-type-post_type menu-item-object-page menu-item-3048\"><a href=\"https:\/\/www.sfc-ellerstadt.de\/?page_id=3037\" class=\"elementor-item\">Team IT<\/a><\/li>\n<\/ul><\/nav>\n\t\t\t\t\t<div class=\"elementor-menu-toggle\" role=\"button\" tabindex=\"0\" aria-label=\"Menu Toggle\" aria-expanded=\"false\">\n\t\t\t<i class=\"eicon-menu-bar\" aria-hidden=\"true\"><\/i>\n\t\t\t<span class=\"elementor-screen-only\">Menu<\/span>\n\t\t<\/div>\n\t\t\t<nav class=\"elementor-nav-menu--dropdown elementor-nav-menu__container\" role=\"navigation\" aria-hidden=\"true\"><ul id=\"menu-2-ef5c6a5\" class=\"elementor-nav-menu\"><li class=\"menu-item menu-item-type-post_type menu-item-object-page menu-item-1375\"><a href=\"https:\/\/www.sfc-ellerstadt.de\/?page_id=1364\" class=\"elementor-item\">Bachpatenschaft<\/a><\/li>\n<li class=\"menu-item menu-item-type-post_type menu-item-object-page menu-item-1374\"><a href=\"https:\/\/www.sfc-ellerstadt.de\/?page_id=1366\" class=\"elementor-item\">Fischerwiese<\/a><\/li>\n<li class=\"menu-item menu-item-type-post_type menu-item-object-page menu-item-3048\"><a href=\"https:\/\/www.sfc-ellerstadt.de\/?page_id=3037\" class=\"elementor-item\">Team IT<\/a><\/li>\n<\/ul><\/nav>\n\t\t\t\t<\/div>\n\t\t\t\t<\/div>\n\t\t\t\t\t<\/div>\n\t\t<\/div>\n\t\t\t\t\t\t\t<\/div>\n\t\t<\/section>\n\t\t\t\t\t\t\t<\/div>\n\t\t","protected":false},"excerpt":{"rendered":"<p>Team IT Die Aufgaben Das Team besch\u00e4ftigt sich mit allen IT-Themen die den Verein betreffen und unterst\u00fctz den Vorstand bei Entscheidungen. Dazu z\u00e4hlt zum Beispiel: Internetpr\u00e4senz (Homepage) Online-Besprechungen E-Mail Online-Security Social-Media Das Team Folgende Vereinsmitglieder engagieren sich im Team IT: Klaus Altmeyer Boris Diehl Bei Fragen und Anregungen kontaktieren Sie uns gerne.<\/p>\n","protected":false},"author":1,"featured_media":0,"parent":1192,"menu_order":0,"comment_status":"closed","ping_status":"closed","template":"elementor_header_footer","meta":{"footnotes":""},"class_list":["post-3037","page","type-page","status-publish","hentry"],"_links":{"self":[{"href":"https:\/\/www.sfc-ellerstadt.de\/index.php?rest_route=\/wp\/v2\/pages\/3037","targetHints":{"allow":["GET"]}}],"collection":[{"href":"https:\/\/www.sfc-ellerstadt.de\/index.php?rest_route=\/wp\/v2\/pages"}],"about":[{"href":"https:\/\/www.sfc-ellerstadt.de\/index.php?rest_route=\/wp\/v2\/types\/page"}],"author":[{"embeddable":true,"href":"https:\/\/www.sfc-ellerstadt.de\/index.php?rest_route=\/wp\/v2\/users\/1"}],"replies":[{"embeddable":true,"href":"https:\/\/www.sfc-ellerstadt.de\/index.php?rest_route=%2Fwp%2Fv2%2Fcomments&post=3037"}],"version-history":[{"count":99,"href":"https:\/\/www.sfc-ellerstadt.de\/index.php?rest_route=\/wp\/v2\/pages\/3037\/revisions"}],"predecessor-version":[{"id":4353,"href":"https:\/\/www.sfc-ellerstadt.de\/index.php?rest_route=\/wp\/v2\/pages\/3037\/revisions\/4353"}],"up":[{"embeddable":true,"href":"https:\/\/www.sfc-ellerstadt.de\/index.php?rest_route=\/wp\/v2\/pages\/1192"}],"wp:attachment":[{"href":"https:\/\/www.sfc-ellerstadt.de\/index.php?rest_route=%2Fwp%2Fv2%2Fmedia&parent=3037"}],"curies":[{"name":"wp","href":"https:\/\/api.w.org\/{rel}","templated":true}]}}