{"id":3376,"date":"2021-05-27T11:11:13","date_gmt":"2021-05-27T09:11:13","guid":{"rendered":"https:\/\/www.sfc-ellerstadt.de\/?page_id=3376"},"modified":"2021-06-05T15:22:42","modified_gmt":"2021-06-05T13:22:42","slug":"datenschutz","status":"publish","type":"page","link":"https:\/\/www.sfc-ellerstadt.de\/?page_id=3376","title":{"rendered":"Datenschutz"},"content":{"rendered":"\t\t<div data-elementor-type=\"wp-page\" data-elementor-id=\"3376\" class=\"elementor elementor-3376\">\n\t\t\t\t\t\t\t\t\t<section class=\"elementor-section elementor-top-section elementor-element elementor-element-93360c0 elementor-section-boxed elementor-section-height-default elementor-section-height-default\" data-id=\"93360c0\" data-element_type=\"section\">\n\t\t\t\t\t\t<div class=\"elementor-container elementor-column-gap-default\">\n\t\t\t\t\t<div class=\"elementor-column elementor-col-100 elementor-top-column elementor-element elementor-element-5c0f800\" data-id=\"5c0f800\" data-element_type=\"column\">\n\t\t\t<div class=\"elementor-widget-wrap elementor-element-populated\">\n\t\t\t\t\t\t\t\t<div class=\"elementor-element elementor-element-daddc49 elementor-widget elementor-widget-spacer\" data-id=\"daddc49\" data-element_type=\"widget\" data-widget_type=\"spacer.default\">\n\t\t\t\t<div class=\"elementor-widget-container\">\n\t\t\t\t\t<div class=\"elementor-spacer\">\n\t\t\t<div class=\"elementor-spacer-inner\"><\/div>\n\t\t<\/div>\n\t\t\t\t<\/div>\n\t\t\t\t<\/div>\n\t\t\t\t<div class=\"elementor-element elementor-element-622970b elementor-widget elementor-widget-heading\" data-id=\"622970b\" data-element_type=\"widget\" data-widget_type=\"heading.default\">\n\t\t\t\t<div class=\"elementor-widget-container\">\n\t\t\t<h2 class=\"elementor-heading-title elementor-size-default\">Datenschutzerkl\u00e4rung<\/h2>\t\t<\/div>\n\t\t\t\t<\/div>\n\t\t\t\t<div class=\"elementor-element elementor-element-23cd49d elementor-widget elementor-widget-text-editor\" data-id=\"23cd49d\" data-element_type=\"widget\" data-widget_type=\"text-editor.default\">\n\t\t\t\t<div class=\"elementor-widget-container\">\n\t\t\t\t\t\t\t<p><strong>Allgemeines<\/strong><\/p><p>Wir nehmen den Schutz Ihrer pers\u00f6nlichen Daten ernst und behandeln Ihre personenbezogenen Daten entsprechend der gesetzlichen Daten\u00adschutzvorschriften (DSGVO) sowie dieser Datenschutzerkl\u00e4rung.<\/p><p>Wenn Sie diese Webseite benutzen, werden verschiedene Daten erhoben. Die vorliegende Datenschutzerkl\u00e4rung erl\u00e4utert, welche Daten wir erfassen und wof\u00fcr wir sie nutzen. Sie erl\u00e4utert auch, zu welchem Zweck das geschieht.<\/p><p>Wir weisen darauf hin, dass die Daten\u00fcbertragung im Internet (z.B. bei der Kommunikation per E-Mail) Sicherheitsl\u00fccken aufweisen kann. Ein hundertprozentiger Schutz der Daten vor dem Zugriff durch Dritte ist nicht m\u00f6glich.<\/p><p><strong>Verantwortliche Stelle<\/strong><\/p><p>Verantwortlich f\u00fcr die Datenverarbeitung auf dieser Webseite ist:<br \/>Sport-Fischer-Club Ellerstadt 1984 e.V.<br \/>Klaus Altmeyer<br \/>Sickinger Stra\u00dfe 10<br \/>67158 Ellerstadt<\/p><p><img loading=\"lazy\" decoding=\"async\" class=\"alignnone size-full wp-image-3958\" src=\"https:\/\/www.sfc-ellerstadt.de\/wp_cms\/wp-content\/uploads\/2021\/06\/sserdaliame.png\" alt=\"\" width=\"225\" height=\"15\" \/><\/p><p><strong>Datenerfassung auf unserer Webseite<\/strong><\/p><p>Die Nutzung unserer Webseite ist in der Regel ohne Angabe personenbezogener Daten m\u00f6glich. Soweit auf unseren Seiten personenbezogene Daten (beispielsweise Name, Anschrift oder eMail-Adressen) erhoben werden, erfolgt dies stets auf freiwilliger Basis. Diese Daten werden ohne Ihre ausdr\u00fcckliche Zustimmung nicht an Dritte weitergegeben.<\/p><p>Bei den erfassten Daten kann es sich um Daten handeln, die Sie uns \u00fcberlassen (z.B. durch Eingabe in ein Mail- oder Kontaktformular). Andere Daten werden automatisch beim Besuch der Webseite durch unsere IT-Systeme erfasst. Das sind vor allem technische Daten (z.B. Internetbrowser, Betriebssystem oder Uhrzeit des Seitenaufrufs). Die Erfassung dieser Daten erfolgt automatisch, sobald Sie unsere Webseite betreten.<\/p><p><strong>Sicherheits-Verschl\u00fcsselung<\/strong><\/p><p>Diese Seite nutzt zur \u00dcbertragung vertraulicher Inhalte (beispielsweise Anfragen oder Mitteilungen), die Sie an uns als Seitenbetreiber senden, eine SSL-bzw. TLS-Verschl\u00fcsselung. Eine verschl\u00fcsselte Verbindung erkennen Sie daran, dass die Adresszeile des Browsers von \u201chttp:\/\/\u201d auf \u201chttps:\/\/\u201d wechselt und an dem Schloss-Symbol in Ihrer Browserzeile. Wenn die Verschl\u00fcsselung in Ihrem Browser aktiviert ist, k\u00f6nnen Daten, die Sie an uns \u00fcbermitteln, nicht unberechtigt von Dritten mitgelesen werden.<\/p><p><strong>Wof\u00fcr wir Ihre Daten verwenden<\/strong><\/p><p>Ein Teil der Daten wird erhoben, um eine fehlerfreie Bereitstellung der Webseite zu gew\u00e4hrleisten. Soweit Daten f\u00fcr Analysezwecke verwendet werden, sind diese automatisch anonymisiert und lassen keine R\u00fcckschl\u00fcsse auf Ihre Person zu.<\/p><p>Erfassung, Speicherung, Verarbeitung und L\u00f6schung personenbezogener Daten erfolgen ausschlie\u00dflich f\u00fcr berechtigte Zwecke, zur Erf\u00fcllung unserer Aufgaben und in \u00dcbereinstimmung mit der geltenden Datenschutz Grundverordnung (DSGVO). Sobald der berechtigte Zweck entf\u00e4llt, werden diese Daten gel\u00f6scht.<\/p><p><strong>Ihre Rechte bez\u00fcglich der erfassten Daten<\/strong><\/p><p>Sie haben das Recht, unentgeltlich Auskunft \u00fcber Herkunft, Empf\u00e4nger und Zweck Ihrer gespeicherten personenbezogenen Daten zu erhalten. Sie haben au\u00dferdem ein Recht, die Berichtigung, Sperrung oder L\u00f6schung dieser Daten zu verlangen. Hierzu sowie zu weiteren Fragen zum Thema Datenschutz k\u00f6nnen Sie sich jederzeit an die oben angegebene, verantwortliche Stelle wenden.<\/p><p><strong>Widerruf Ihrer Einwilligung zur Datenverarbeitung<\/strong><\/p><p>Soweit Datenverarbeitungsvorg\u00e4nge nur mit Ihrer ausdr\u00fccklichen Einwilligung erfolgen d\u00fcrfen, k\u00f6nnen Sie eine erteilte Einwilligung jederzeit widerrufen. Dazu reicht eine formlose Mitteilung per E-Mail an die oben angegebene, verantwortliche Stelle. Die Rechtm\u00e4\u00dfigkeit der bis zum Widerruf erfolgten Datenverarbeitung bleibt davon unber\u00fchrt.<\/p><p><strong>Beschwerderecht<\/strong><\/p><p>Im Falle datenschutzrechtlicher Verst\u00f6\u00dfe wenden Sie sich bitte direkt an die oben angegebene verantwortliche Stelle.<\/p><p><strong>Auskunft, Sperrung, L\u00f6schung<\/strong><\/p><p>Sie haben im Rahmen der geltenden gesetzlichen Bestimmungen jederzeit das Recht auf unentgeltliche Auskunft \u00fcber Ihre bei uns gespeicherten personenbezogenen Daten, deren Herkunft und Empf\u00e4nger und den Zweck der Datenverarbeitung und ggf. ein Recht auf Berichtigung, Sperrung oder L\u00f6schung dieser Daten. Hierzu sowie zu weiteren Fragen zum Thema personenbezogene Daten k\u00f6nnen Sie sich jederzeit an die oben angegebene, verantwortliche Stelle wenden.<\/p><p><strong>Cookies<\/strong><\/p><p>Unsere Internetseiten k\u00f6nnen teilweise so genannte Cookies verwenden. Diese dienen dazu, unser Angebot nutzerfreundlicher, effektiver und sicherer zu machen. Cookies sind kleine Textdateien, die auf Ihrem Rechner abgelegt werden und die Ihr Browser speichert.<\/p><p>Die meisten der von uns verwendeten Cookies sind so genannte \u201cSession-Cookies\u201d. Sie werden nach Ende Ihres Besuchs automatisch gel\u00f6scht. Andere Cookies bleiben auf Ihrem Endger\u00e4t gespeichert, bis Sie diese l\u00f6schen.<\/p><p>Sie k\u00f6nnen Ihren Browser jedoch so einstellen, dass Sie \u00fcber das Setzen von Cookies informiert werden, und Cookies nur im Einzelfall erlauben. Sie k\u00f6nnen auf diesem Wege auch die Annahme von Cookies f\u00fcr bestimmte F\u00e4lle oder generell ausschlie\u00dfen, sowie das automatische L\u00f6schen der Cookies beim Schlie\u00dfen des Browsers aktivieren.<\/p><p>Wie Sie die Verwendung von Cookies einschr\u00e4nken oder ganz ausschlie\u00dfen k\u00f6nnen, entnehmen Sie bitte der Anleitung des von Ihnen verwendeten Browsers.<\/p><p>Bei der Deaktivierung von Cookies kann die Funktionalit\u00e4t von Webseiten (auch unserer Webseite) eingeschr\u00e4nkt sein.<\/p><p>Cookies, die zur Durchf\u00fchrung des elektronischen Kommunikationsvorgangs oder zur Bereitstellung bestimmter, von Ihnen erw\u00fcnschter Funktionen erforderlich sind, werden auf Grundlage von Art. 6 Abs. 1 lit. f DSGVO gespeichert. Danach hat ein Webseitenbetreiber ein berechtigtes Interesse an der Speicherung von Cookies zur technisch fehlerfreien und optimierten Bereitstellung seiner Dienste. Welches berechtigte Interessen sind, ist in der DSGVO ausf\u00fchrlich beschrieben.<\/p><p><strong>Server-Log-Dateien<\/strong><\/p><p>Der Provider dieser Seiten erhebt und speichert automatisch Informationen in so genannten Server-Log-Dateien, die Ihr Browser automatisch an uns \u00fcbermittelt. Dies sind:<br \/>\u2022\u00a0\u00a0 \u00a0Browsertyp und Browserversion<br \/>\u2022\u00a0\u00a0 \u00a0verwendetes Betriebssystem<br \/>\u2022\u00a0\u00a0 \u00a0Referrer URL<br \/>\u2022\u00a0\u00a0 \u00a0Hostname des zugreifenden Rechners<br \/>\u2022\u00a0\u00a0 \u00a0Uhrzeit der Serveranfrage<br \/>\u2022\u00a0\u00a0 \u00a0IP-Adresse<br \/>Diese Daten werden nicht mit anderen Datenquellen verkn\u00fcpft.<\/p><p>Grundlage f\u00fcr die Datenverarbeitung ist Art. 6 Abs. 1 lit. f DSGVO, der die Verar\u00adbeitung von Daten zur Erf\u00fcllung eines Vertrags oder vorvertraglicher Ma\u00dfnahmen gestattet.<\/p><p><strong>Kontaktformular<\/strong><\/p><p>Wenn Sie uns per Kontaktformular\/E-Mail Anfragen zukommen lassen, werden Ihre Angaben aus dem Anfrageformular bzw. der E-Mail, inklusive der von Ihnen dort angegebenen Kontaktdaten zwecks Bearbeitung der Anfrage und f\u00fcr den Fall von Anschlussfragen bei uns gespeichert. Diese Daten geben wir nicht ohne Ihre Einwilligung weiter.<br \/>Die Verarbeitung der von Ihnen eingegebenen Daten erfolgt somit ausschlie\u00dflich auf Grundlage Ihrer Einwilligung (Art. 6 Abs. 1 lit. a DSGVO). Sie k\u00f6nnen diese Einwilligung jederzeit widerrufen. Dazu reicht eine formlose Mitteilung per E-Mail an uns. Die Rechtm\u00e4\u00dfigkeit der bis zum Widerruf erfolgten Datenverarbeitungsvorg\u00e4nge bleibt vom Widerruf unber\u00fchrt.<\/p><p>Die von Ihnen im Kontaktformular eingegebenen Daten verbleiben bei uns, bis Sie uns zur L\u00f6schung auffordern, Ihre Einwilligung zur Speicherung widerrufen, oder der Zweck f\u00fcr die Datenspeicherung entf\u00e4llt (z.B. nach abgeschlossener Bearbeitung Ihrer Anfrage). Zwingende gesetzliche Bestimmungen \u2013 insbesondere Aufbewahrungs\u00adfristen \u2013 bleiben unber\u00fchrt.<\/p>\t\t\t\t\t\t<\/div>\n\t\t\t\t<\/div>\n\t\t\t\t\t<\/div>\n\t\t<\/div>\n\t\t\t\t\t\t\t<\/div>\n\t\t<\/section>\n\t\t\t\t\t\t\t<\/div>\n\t\t","protected":false},"excerpt":{"rendered":"<p>Datenschutzerkl\u00e4rung Allgemeines Wir nehmen den Schutz Ihrer pers\u00f6nlichen Daten ernst und behandeln Ihre personenbezogenen Daten entsprechend der gesetzlichen Daten\u00adschutzvorschriften (DSGVO) sowie dieser Datenschutzerkl\u00e4rung. Wenn Sie diese Webseite benutzen, werden verschiedene Daten erhoben. Die vorliegende Datenschutzerkl\u00e4rung erl\u00e4utert, welche Daten wir erfassen und wof\u00fcr wir sie nutzen. Sie erl\u00e4utert auch, zu welchem Zweck das geschieht. Wir weisen [&hellip;]<\/p>\n","protected":false},"author":2,"featured_media":0,"parent":0,"menu_order":0,"comment_status":"closed","ping_status":"closed","template":"","meta":{"footnotes":""},"class_list":["post-3376","page","type-page","status-publish","hentry"],"_links":{"self":[{"href":"https:\/\/www.sfc-ellerstadt.de\/index.php?rest_route=\/wp\/v2\/pages\/3376","targetHints":{"allow":["GET"]}}],"collection":[{"href":"https:\/\/www.sfc-ellerstadt.de\/index.php?rest_route=\/wp\/v2\/pages"}],"about":[{"href":"https:\/\/www.sfc-ellerstadt.de\/index.php?rest_route=\/wp\/v2\/types\/page"}],"author":[{"embeddable":true,"href":"https:\/\/www.sfc-ellerstadt.de\/index.php?rest_route=\/wp\/v2\/users\/2"}],"replies":[{"embeddable":true,"href":"https:\/\/www.sfc-ellerstadt.de\/index.php?rest_route=%2Fwp%2Fv2%2Fcomments&post=3376"}],"version-history":[{"count":25,"href":"https:\/\/www.sfc-ellerstadt.de\/index.php?rest_route=\/wp\/v2\/pages\/3376\/revisions"}],"predecessor-version":[{"id":4086,"href":"https:\/\/www.sfc-ellerstadt.de\/index.php?rest_route=\/wp\/v2\/pages\/3376\/revisions\/4086"}],"wp:attachment":[{"href":"https:\/\/www.sfc-ellerstadt.de\/index.php?rest_route=%2Fwp%2Fv2%2Fmedia&parent=3376"}],"curies":[{"name":"wp","href":"https:\/\/api.w.org\/{rel}","templated":true}]}}