{"id":4440,"date":"2022-07-04T18:24:35","date_gmt":"2022-07-04T16:24:35","guid":{"rendered":"https:\/\/www.sfc-ellerstadt.de\/?page_id=4440"},"modified":"2025-05-27T15:47:19","modified_gmt":"2025-05-27T13:47:19","slug":"abfischen","status":"publish","type":"page","link":"https:\/\/www.sfc-ellerstadt.de\/?page_id=4440","title":{"rendered":"Abfischen"},"content":{"rendered":"\t\t<div data-elementor-type=\"wp-page\" data-elementor-id=\"4440\" class=\"elementor elementor-4440\">\n\t\t\t\t\t\t\t\t\t<section class=\"elementor-section elementor-top-section elementor-element elementor-element-7d8dd92 elementor-section-boxed elementor-section-height-default elementor-section-height-default\" data-id=\"7d8dd92\" data-element_type=\"section\">\n\t\t\t\t\t\t<div class=\"elementor-container elementor-column-gap-default\">\n\t\t\t\t\t<div class=\"elementor-column elementor-col-100 elementor-top-column elementor-element elementor-element-d7e52de\" data-id=\"d7e52de\" data-element_type=\"column\">\n\t\t\t<div class=\"elementor-widget-wrap elementor-element-populated\">\n\t\t\t\t\t\t\t\t<div class=\"elementor-element elementor-element-a0ff7a1 elementor-widget elementor-widget-heading\" data-id=\"a0ff7a1\" data-element_type=\"widget\" data-widget_type=\"heading.default\">\n\t\t\t\t<div class=\"elementor-widget-container\">\n\t\t\t<h2 class=\"elementor-heading-title elementor-size-default\">Abfischen 2025<\/h2>\t\t<\/div>\n\t\t\t\t<\/div>\n\t\t\t\t\t<\/div>\n\t\t<\/div>\n\t\t\t\t\t\t\t<\/div>\n\t\t<\/section>\n\t\t\t\t<section class=\"elementor-section elementor-top-section elementor-element elementor-element-83c23fb elementor-section-boxed elementor-section-height-default elementor-section-height-default\" data-id=\"83c23fb\" data-element_type=\"section\">\n\t\t\t\t\t\t<div class=\"elementor-container elementor-column-gap-default\">\n\t\t\t\t\t<div class=\"elementor-column elementor-col-100 elementor-top-column elementor-element elementor-element-1f30077\" data-id=\"1f30077\" data-element_type=\"column\">\n\t\t\t<div class=\"elementor-widget-wrap elementor-element-populated\">\n\t\t\t\t\t\t\t\t<div class=\"elementor-element elementor-element-62f852a elementor-widget elementor-widget-text-editor\" data-id=\"62f852a\" data-element_type=\"widget\" data-widget_type=\"text-editor.default\">\n\t\t\t\t<div class=\"elementor-widget-container\">\n\t\t\t\t\t\t\t<p>Unser diesj\u00e4hriges Abfischen findet am 19.10.2025 statt. Treffpunkt ist 08:30 Uhr am Weiher. Beginn ist dann um 09:00 Uhr. Offizielles Ende ist um 13:00 Uhr. Selbstverst\u00e4ndlich kann jeder auch l\u00e4nger bleiben. Da es sich hier um eine offizielle Veranstaltung vom Verein handelt gilt f\u00fcr nicht an der Veranstaltung teilnehmende Mitglieder ein Angelverbot 3 Stunden vor bis 3 Stunden nach der festgelegten Zeit f\u00fcr die Veranstaltung (siehe Gew\u00e4sserordnung).<\/p>\n<p>Wie bei jedem offiziellen Fischen gelten die nachfolgenden Regeln:<\/p>\n<ul>\n<li>Es darf mit 2 Ruten gefischt werden<\/li>\n<li>Anf\u00fcttern 500 ml \/ pro Person<\/li>\n<\/ul>\n<p>F\u00fcr alle gefangenen Karpfen gilt weiterhin ein R\u00fccksetzungsverbot.<\/p>\n<p>F\u00fcr die Verpflegung ist jeder selbst verantwortlich.<\/p>\t\t\t\t\t\t<\/div>\n\t\t\t\t<\/div>\n\t\t\t\t\t<\/div>\n\t\t<\/div>\n\t\t\t\t\t\t\t<\/div>\n\t\t<\/section>\n\t\t\t\t\t\t\t<\/div>\n\t\t","protected":false},"excerpt":{"rendered":"<p>Abfischen 2025 Unser diesj\u00e4hriges Abfischen findet am 19.10.2025 statt. Treffpunkt ist 08:30 Uhr am Weiher. Beginn ist dann um 09:00 Uhr. Offizielles Ende ist um 13:00 Uhr. Selbstverst\u00e4ndlich kann jeder auch l\u00e4nger bleiben. Da es sich hier um eine offizielle Veranstaltung vom Verein handelt gilt f\u00fcr nicht an der Veranstaltung teilnehmende Mitglieder ein Angelverbot 3 [&hellip;]<\/p>\n","protected":false},"author":2,"featured_media":0,"parent":0,"menu_order":0,"comment_status":"closed","ping_status":"closed","template":"","meta":{"footnotes":""},"class_list":["post-4440","page","type-page","status-publish","hentry"],"_links":{"self":[{"href":"https:\/\/www.sfc-ellerstadt.de\/index.php?rest_route=\/wp\/v2\/pages\/4440","targetHints":{"allow":["GET"]}}],"collection":[{"href":"https:\/\/www.sfc-ellerstadt.de\/index.php?rest_route=\/wp\/v2\/pages"}],"about":[{"href":"https:\/\/www.sfc-ellerstadt.de\/index.php?rest_route=\/wp\/v2\/types\/page"}],"author":[{"embeddable":true,"href":"https:\/\/www.sfc-ellerstadt.de\/index.php?rest_route=\/wp\/v2\/users\/2"}],"replies":[{"embeddable":true,"href":"https:\/\/www.sfc-ellerstadt.de\/index.php?rest_route=%2Fwp%2Fv2%2Fcomments&post=4440"}],"version-history":[{"count":31,"href":"https:\/\/www.sfc-ellerstadt.de\/index.php?rest_route=\/wp\/v2\/pages\/4440\/revisions"}],"predecessor-version":[{"id":4545,"href":"https:\/\/www.sfc-ellerstadt.de\/index.php?rest_route=\/wp\/v2\/pages\/4440\/revisions\/4545"}],"wp:attachment":[{"href":"https:\/\/www.sfc-ellerstadt.de\/index.php?rest_route=%2Fwp%2Fv2%2Fmedia&parent=4440"}],"curies":[{"name":"wp","href":"https:\/\/api.w.org\/{rel}","templated":true}]}}