{"id":57,"date":"2021-03-27T06:21:12","date_gmt":"2021-03-27T05:21:12","guid":{"rendered":"http:\/\/h2882894.stratoserver.net\/?page_id=57"},"modified":"2021-06-01T06:07:38","modified_gmt":"2021-06-01T04:07:38","slug":"die-sfc-jugend","status":"publish","type":"page","link":"https:\/\/www.sfc-ellerstadt.de\/?page_id=57","title":{"rendered":"Die SFC-Jugend"},"content":{"rendered":"\t\t<div data-elementor-type=\"wp-page\" data-elementor-id=\"57\" class=\"elementor elementor-57\">\n\t\t\t\t\t\t\t\t\t<section class=\"elementor-section elementor-top-section elementor-element elementor-element-2b241a7 elementor-section-boxed elementor-section-height-default elementor-section-height-default\" data-id=\"2b241a7\" data-element_type=\"section\">\n\t\t\t\t\t\t<div class=\"elementor-container elementor-column-gap-default\">\n\t\t\t\t\t<div class=\"elementor-column elementor-col-100 elementor-top-column elementor-element elementor-element-617de0f\" data-id=\"617de0f\" data-element_type=\"column\">\n\t\t\t<div class=\"elementor-widget-wrap elementor-element-populated\">\n\t\t\t\t\t\t\t\t<div class=\"elementor-element elementor-element-478bd08 elementor-widget elementor-widget-spacer\" data-id=\"478bd08\" data-element_type=\"widget\" data-widget_type=\"spacer.default\">\n\t\t\t\t<div class=\"elementor-widget-container\">\n\t\t\t\t\t<div class=\"elementor-spacer\">\n\t\t\t<div class=\"elementor-spacer-inner\"><\/div>\n\t\t<\/div>\n\t\t\t\t<\/div>\n\t\t\t\t<\/div>\n\t\t\t\t<div class=\"elementor-element elementor-element-f858b40 elementor-widget elementor-widget-heading\" data-id=\"f858b40\" data-element_type=\"widget\" data-widget_type=\"heading.default\">\n\t\t\t\t<div class=\"elementor-widget-container\">\n\t\t\t<h2 class=\"elementor-heading-title elementor-size-default\">Die SFC-Jugend<\/h2>\t\t<\/div>\n\t\t\t\t<\/div>\n\t\t\t\t<div class=\"elementor-element elementor-element-c2dbab1 elementor-widget elementor-widget-text-editor\" data-id=\"c2dbab1\" data-element_type=\"widget\" data-widget_type=\"text-editor.default\">\n\t\t\t\t<div class=\"elementor-widget-container\">\n\t\t\t\t\t\t\t<p>Urspr\u00fcnglich einfach nur eine Bezeichnung f\u00fcr Kinder und Jugendliche im Verein.<\/p><p>Heute stellt die Jugendgruppe einen sehr eigenst\u00e4ndigen Teil des SFC dar. Mit eigener Jugendordnung, selbst gew\u00e4hlter Leitung, einem Vertreter im Vorstand, Selbstverwaltung und eigenem Budget &#8211; und das Alles mit verbrieften Rechten, die in unserer <span style=\"color: #000000;\">neuen Satzung von 2019<\/span> festgehalten sind.\u00a0<\/p><p>So besitzen Jugendliche ab dem vollendeten 16. Lebensjahr volles Stimmrecht in der Hauptversammlung des Vereins &#8211; dem Gremium, das die wesentlichen Entscheidungen im Verein trifft.<\/p>\t\t\t\t\t\t<\/div>\n\t\t\t\t<\/div>\n\t\t\t\t<div class=\"elementor-element elementor-element-1d86f3d elementor-skin-carousel elementor-arrows-yes elementor-pagination-type-bullets elementor-pagination-position-outside elementor-widget elementor-widget-media-carousel\" data-id=\"1d86f3d\" data-element_type=\"widget\" data-settings=\"{&quot;skin&quot;:&quot;carousel&quot;,&quot;effect&quot;:&quot;slide&quot;,&quot;show_arrows&quot;:&quot;yes&quot;,&quot;pagination&quot;:&quot;bullets&quot;,&quot;speed&quot;:500,&quot;loop&quot;:&quot;yes&quot;,&quot;space_between&quot;:{&quot;unit&quot;:&quot;px&quot;,&quot;size&quot;:10,&quot;sizes&quot;:[]},&quot;space_between_tablet&quot;:{&quot;unit&quot;:&quot;px&quot;,&quot;size&quot;:10,&quot;sizes&quot;:[]},&quot;space_between_mobile&quot;:{&quot;unit&quot;:&quot;px&quot;,&quot;size&quot;:10,&quot;sizes&quot;:[]}}\" data-widget_type=\"media-carousel.default\">\n\t\t\t\t<div class=\"elementor-widget-container\">\n\t\t\t\t\t<div class=\"elementor-swiper\">\n\t\t\t<div class=\"elementor-main-swiper swiper-container\">\n\t\t\t\t<div class=\"swiper-wrapper\">\n\t\t\t\t\t\t\t\t\t\t\t<div class=\"swiper-slide\">\n\t\t\t\t\t\t\t<a href=\"https:\/\/www.sfc-ellerstadt.de\/wp_cms\/wp-content\/uploads\/2021\/05\/Fischerjugend-Bau-Nistkaesten-01-1.jpg\" data-elementor-open-lightbox=\"yes\" data-elementor-lightbox-slideshow=\"1d86f3d\" data-elementor-lightbox-title=\"Fischerjugend baut Nistk\u00e4sten\" e-action-hash=\"#elementor-action%3Aaction%3Dlightbox%26settings%3DeyJpZCI6MjU5NiwidXJsIjoiaHR0cHM6XC9cL3d3dy5zZmMtZWxsZXJzdGFkdC5kZVwvd3BfY21zXC93cC1jb250ZW50XC91cGxvYWRzXC8yMDIxXC8wNVwvRmlzY2hlcmp1Z2VuZC1CYXUtTmlzdGthZXN0ZW4tMDEtMS5qcGciLCJzbGlkZXNob3ciOiIxZDg2ZjNkIn0%3D\">\t\t<div class=\"elementor-carousel-image\" style=\"background-image: url(https:\/\/www.sfc-ellerstadt.de\/wp_cms\/wp-content\/uploads\/2021\/05\/Fischerjugend-Bau-Nistkaesten-01-1.jpg)\">\n\t\t\t\t\t<\/div>\n\t\t<\/a>\t\t\t\t\t\t<\/div>\n\t\t\t\t\t\t\t\t\t\t\t<div class=\"swiper-slide\">\n\t\t\t\t\t\t\t<a href=\"https:\/\/www.sfc-ellerstadt.de\/wp_cms\/wp-content\/uploads\/2021\/05\/Fischerjugend-Verkauf-Nistkaesten_bei-Kuenstlermarkt-01-1.jpg\" data-elementor-open-lightbox=\"yes\" data-elementor-lightbox-slideshow=\"1d86f3d\" data-elementor-lightbox-title=\"Fischerjugend verkauft Nistk\u00e4sten bei K\u00fcnstlermarkt\" e-action-hash=\"#elementor-action%3Aaction%3Dlightbox%26settings%3DeyJpZCI6MjYwNSwidXJsIjoiaHR0cHM6XC9cL3d3dy5zZmMtZWxsZXJzdGFkdC5kZVwvd3BfY21zXC93cC1jb250ZW50XC91cGxvYWRzXC8yMDIxXC8wNVwvRmlzY2hlcmp1Z2VuZC1WZXJrYXVmLU5pc3RrYWVzdGVuX2JlaS1LdWVuc3RsZXJtYXJrdC0wMS0xLmpwZyIsInNsaWRlc2hvdyI6IjFkODZmM2QifQ%3D%3D\">\t\t<div class=\"elementor-carousel-image\" style=\"background-image: url(https:\/\/www.sfc-ellerstadt.de\/wp_cms\/wp-content\/uploads\/2021\/05\/Fischerjugend-Verkauf-Nistkaesten_bei-Kuenstlermarkt-01-1.jpg)\">\n\t\t\t\t\t<\/div>\n\t\t<\/a>\t\t\t\t\t\t<\/div>\n\t\t\t\t\t\t\t\t\t\t\t<div class=\"swiper-slide\">\n\t\t\t\t\t\t\t<a href=\"https:\/\/www.sfc-ellerstadt.de\/wp_cms\/wp-content\/uploads\/2021\/05\/Fischerjugend-Fotodokumentation-mit-GEO-Referenzdaten-1.jpg\" data-elementor-open-lightbox=\"yes\" data-elementor-lightbox-slideshow=\"1d86f3d\" data-elementor-lightbox-title=\"Fischerjugend Fotodokumentation mit GEO-Referenzdaten\" e-action-hash=\"#elementor-action%3Aaction%3Dlightbox%26settings%3DeyJpZCI6MjYwMCwidXJsIjoiaHR0cHM6XC9cL3d3dy5zZmMtZWxsZXJzdGFkdC5kZVwvd3BfY21zXC93cC1jb250ZW50XC91cGxvYWRzXC8yMDIxXC8wNVwvRmlzY2hlcmp1Z2VuZC1Gb3RvZG9rdW1lbnRhdGlvbi1taXQtR0VPLVJlZmVyZW56ZGF0ZW4tMS5qcGciLCJzbGlkZXNob3ciOiIxZDg2ZjNkIn0%3D\">\t\t<div class=\"elementor-carousel-image\" style=\"background-image: url(https:\/\/www.sfc-ellerstadt.de\/wp_cms\/wp-content\/uploads\/2021\/05\/Fischerjugend-Fotodokumentation-mit-GEO-Referenzdaten-1.jpg)\">\n\t\t\t\t\t<\/div>\n\t\t<\/a>\t\t\t\t\t\t<\/div>\n\t\t\t\t\t\t\t\t\t\t\t<div class=\"swiper-slide\">\n\t\t\t\t\t\t\t<a href=\"https:\/\/www.sfc-ellerstadt.de\/wp_cms\/wp-content\/uploads\/2021\/05\/Fischerjugend-Fotodokumentation-mit-GEO-Referenzdaten-03.jpg\" data-elementor-open-lightbox=\"yes\" data-elementor-lightbox-slideshow=\"1d86f3d\" data-elementor-lightbox-title=\"Fischerjugend Fotodokumentation mit GEO-Referenzdaten\" e-action-hash=\"#elementor-action%3Aaction%3Dlightbox%26settings%3DeyJpZCI6MjU5OSwidXJsIjoiaHR0cHM6XC9cL3d3dy5zZmMtZWxsZXJzdGFkdC5kZVwvd3BfY21zXC93cC1jb250ZW50XC91cGxvYWRzXC8yMDIxXC8wNVwvRmlzY2hlcmp1Z2VuZC1Gb3RvZG9rdW1lbnRhdGlvbi1taXQtR0VPLVJlZmVyZW56ZGF0ZW4tMDMuanBnIiwic2xpZGVzaG93IjoiMWQ4NmYzZCJ9\">\t\t<div class=\"elementor-carousel-image\" style=\"background-image: url(https:\/\/www.sfc-ellerstadt.de\/wp_cms\/wp-content\/uploads\/2021\/05\/Fischerjugend-Fotodokumentation-mit-GEO-Referenzdaten-03.jpg)\">\n\t\t\t\t\t<\/div>\n\t\t<\/a>\t\t\t\t\t\t<\/div>\n\t\t\t\t\t\t\t\t\t\t\t<div class=\"swiper-slide\">\n\t\t\t\t\t\t\t<a href=\"https:\/\/www.sfc-ellerstadt.de\/wp_cms\/wp-content\/uploads\/2021\/05\/Fischerjugend-Fotodokumentation-mit-GEO-Referenzdaten-02.jpg\" data-elementor-open-lightbox=\"yes\" data-elementor-lightbox-slideshow=\"1d86f3d\" data-elementor-lightbox-title=\"Fischerjugend Fotodokumentation mit GEO-Referenzdaten\" e-action-hash=\"#elementor-action%3Aaction%3Dlightbox%26settings%3DeyJpZCI6MjU5OCwidXJsIjoiaHR0cHM6XC9cL3d3dy5zZmMtZWxsZXJzdGFkdC5kZVwvd3BfY21zXC93cC1jb250ZW50XC91cGxvYWRzXC8yMDIxXC8wNVwvRmlzY2hlcmp1Z2VuZC1Gb3RvZG9rdW1lbnRhdGlvbi1taXQtR0VPLVJlZmVyZW56ZGF0ZW4tMDIuanBnIiwic2xpZGVzaG93IjoiMWQ4NmYzZCJ9\">\t\t<div class=\"elementor-carousel-image\" style=\"background-image: url(https:\/\/www.sfc-ellerstadt.de\/wp_cms\/wp-content\/uploads\/2021\/05\/Fischerjugend-Fotodokumentation-mit-GEO-Referenzdaten-02.jpg)\">\n\t\t\t\t\t<\/div>\n\t\t<\/a>\t\t\t\t\t\t<\/div>\n\t\t\t\t\t\t\t\t\t\t\t<div class=\"swiper-slide\">\n\t\t\t\t\t\t\t<a href=\"https:\/\/www.sfc-ellerstadt.de\/wp_cms\/wp-content\/uploads\/2021\/05\/Fischerjugend-in-vollem-Einsatz-001.jpg\" data-elementor-open-lightbox=\"yes\" data-elementor-lightbox-slideshow=\"1d86f3d\" data-elementor-lightbox-title=\"Fischerjugend in vollem Einsatz\" e-action-hash=\"#elementor-action%3Aaction%3Dlightbox%26settings%3DeyJpZCI6MjYwMiwidXJsIjoiaHR0cHM6XC9cL3d3dy5zZmMtZWxsZXJzdGFkdC5kZVwvd3BfY21zXC93cC1jb250ZW50XC91cGxvYWRzXC8yMDIxXC8wNVwvRmlzY2hlcmp1Z2VuZC1pbi12b2xsZW0tRWluc2F0ei0wMDEuanBnIiwic2xpZGVzaG93IjoiMWQ4NmYzZCJ9\">\t\t<div class=\"elementor-carousel-image\" style=\"background-image: url(https:\/\/www.sfc-ellerstadt.de\/wp_cms\/wp-content\/uploads\/2021\/05\/Fischerjugend-in-vollem-Einsatz-001.jpg)\">\n\t\t\t\t\t<\/div>\n\t\t<\/a>\t\t\t\t\t\t<\/div>\n\t\t\t\t\t\t\t\t\t\t\t<div class=\"swiper-slide\">\n\t\t\t\t\t\t\t<a href=\"https:\/\/www.sfc-ellerstadt.de\/wp_cms\/wp-content\/uploads\/2021\/05\/Fischerjugend-rettet-Jungfische-1.jpg\" data-elementor-open-lightbox=\"yes\" data-elementor-lightbox-slideshow=\"1d86f3d\" data-elementor-lightbox-title=\"Fischerjugend rettet Jungfische\" e-action-hash=\"#elementor-action%3Aaction%3Dlightbox%26settings%3DeyJpZCI6MjYwNCwidXJsIjoiaHR0cHM6XC9cL3d3dy5zZmMtZWxsZXJzdGFkdC5kZVwvd3BfY21zXC93cC1jb250ZW50XC91cGxvYWRzXC8yMDIxXC8wNVwvRmlzY2hlcmp1Z2VuZC1yZXR0ZXQtSnVuZ2Zpc2NoZS0xLmpwZyIsInNsaWRlc2hvdyI6IjFkODZmM2QifQ%3D%3D\">\t\t<div class=\"elementor-carousel-image\" style=\"background-image: url(https:\/\/www.sfc-ellerstadt.de\/wp_cms\/wp-content\/uploads\/2021\/05\/Fischerjugend-rettet-Jungfische-1.jpg)\">\n\t\t\t\t\t<\/div>\n\t\t<\/a>\t\t\t\t\t\t<\/div>\n\t\t\t\t\t\t\t\t\t\t\t<div class=\"swiper-slide\">\n\t\t\t\t\t\t\t<a href=\"https:\/\/www.sfc-ellerstadt.de\/wp_cms\/wp-content\/uploads\/2021\/05\/Fischerjugend-nach-vollem-Einsatz-001.jpg\" data-elementor-open-lightbox=\"yes\" data-elementor-lightbox-slideshow=\"1d86f3d\" data-elementor-lightbox-title=\"Fischerjugend nach vollem Einsatz\" e-action-hash=\"#elementor-action%3Aaction%3Dlightbox%26settings%3DeyJpZCI6MjYwMywidXJsIjoiaHR0cHM6XC9cL3d3dy5zZmMtZWxsZXJzdGFkdC5kZVwvd3BfY21zXC93cC1jb250ZW50XC91cGxvYWRzXC8yMDIxXC8wNVwvRmlzY2hlcmp1Z2VuZC1uYWNoLXZvbGxlbS1FaW5zYXR6LTAwMS5qcGciLCJzbGlkZXNob3ciOiIxZDg2ZjNkIn0%3D\">\t\t<div class=\"elementor-carousel-image\" style=\"background-image: url(https:\/\/www.sfc-ellerstadt.de\/wp_cms\/wp-content\/uploads\/2021\/05\/Fischerjugend-nach-vollem-Einsatz-001.jpg)\">\n\t\t\t\t\t<\/div>\n\t\t<\/a>\t\t\t\t\t\t<\/div>\n\t\t\t\t\t\t\t\t\t\t\t<div class=\"swiper-slide\">\n\t\t\t\t\t\t\t<a href=\"https:\/\/www.sfc-ellerstadt.de\/wp_cms\/wp-content\/uploads\/2021\/05\/Fischerjugend-frueh-uebt-sich_-_-_.jpg\" data-elementor-open-lightbox=\"yes\" data-elementor-lightbox-slideshow=\"1d86f3d\" data-elementor-lightbox-title=\"Fischerjugend fr\u00fch \u00fcbt sich\" e-action-hash=\"#elementor-action%3Aaction%3Dlightbox%26settings%3DeyJpZCI6MjYwMSwidXJsIjoiaHR0cHM6XC9cL3d3dy5zZmMtZWxsZXJzdGFkdC5kZVwvd3BfY21zXC93cC1jb250ZW50XC91cGxvYWRzXC8yMDIxXC8wNVwvRmlzY2hlcmp1Z2VuZC1mcnVlaC11ZWJ0LXNpY2hfLV8tXy5qcGciLCJzbGlkZXNob3ciOiIxZDg2ZjNkIn0%3D\">\t\t<div class=\"elementor-carousel-image\" style=\"background-image: url(https:\/\/www.sfc-ellerstadt.de\/wp_cms\/wp-content\/uploads\/2021\/05\/Fischerjugend-frueh-uebt-sich_-_-_.jpg)\">\n\t\t\t\t\t<\/div>\n\t\t<\/a>\t\t\t\t\t\t<\/div>\n\t\t\t\t\t\t\t\t\t\t\t<div class=\"swiper-slide\">\n\t\t\t\t\t\t\t<a href=\"https:\/\/www.sfc-ellerstadt.de\/wp_cms\/wp-content\/uploads\/2021\/05\/Fischerjugend-beim-Forellenangeln_auswaerts-01.jpg\" data-elementor-open-lightbox=\"yes\" data-elementor-lightbox-slideshow=\"1d86f3d\" data-elementor-lightbox-title=\"Fischerjugend beim Forellenangeln ausw\u00e4rts\" e-action-hash=\"#elementor-action%3Aaction%3Dlightbox%26settings%3DeyJpZCI6MjU5NywidXJsIjoiaHR0cHM6XC9cL3d3dy5zZmMtZWxsZXJzdGFkdC5kZVwvd3BfY21zXC93cC1jb250ZW50XC91cGxvYWRzXC8yMDIxXC8wNVwvRmlzY2hlcmp1Z2VuZC1iZWltLUZvcmVsbGVuYW5nZWxuX2F1c3dhZXJ0cy0wMS5qcGciLCJzbGlkZXNob3ciOiIxZDg2ZjNkIn0%3D\">\t\t<div class=\"elementor-carousel-image\" style=\"background-image: url(https:\/\/www.sfc-ellerstadt.de\/wp_cms\/wp-content\/uploads\/2021\/05\/Fischerjugend-beim-Forellenangeln_auswaerts-01.jpg)\">\n\t\t\t\t\t<\/div>\n\t\t<\/a>\t\t\t\t\t\t<\/div>\n\t\t\t\t\t\t\t\t\t\t\t<div class=\"swiper-slide\">\n\t\t\t\t\t\t\t<a href=\"https:\/\/www.sfc-ellerstadt.de\/wp_cms\/wp-content\/uploads\/2021\/05\/Fischerjugend-aus-Eppenbronn-zu-Besuch.jpg\" data-elementor-open-lightbox=\"yes\" data-elementor-lightbox-slideshow=\"1d86f3d\" data-elementor-lightbox-title=\"Fischerjugend aus Eppenbronn zu Besuch\" e-action-hash=\"#elementor-action%3Aaction%3Dlightbox%26settings%3DeyJpZCI6MjU5NSwidXJsIjoiaHR0cHM6XC9cL3d3dy5zZmMtZWxsZXJzdGFkdC5kZVwvd3BfY21zXC93cC1jb250ZW50XC91cGxvYWRzXC8yMDIxXC8wNVwvRmlzY2hlcmp1Z2VuZC1hdXMtRXBwZW5icm9ubi16dS1CZXN1Y2guanBnIiwic2xpZGVzaG93IjoiMWQ4NmYzZCJ9\">\t\t<div class=\"elementor-carousel-image\" style=\"background-image: url(https:\/\/www.sfc-ellerstadt.de\/wp_cms\/wp-content\/uploads\/2021\/05\/Fischerjugend-aus-Eppenbronn-zu-Besuch.jpg)\">\n\t\t\t\t\t<\/div>\n\t\t<\/a>\t\t\t\t\t\t<\/div>\n\t\t\t\t\t\t\t\t\t\t\t<div class=\"swiper-slide\">\n\t\t\t\t\t\t\t<a href=\"https:\/\/www.sfc-ellerstadt.de\/wp_cms\/wp-content\/uploads\/2021\/05\/Fischer-Glueck-1.jpg\" data-elementor-open-lightbox=\"yes\" data-elementor-lightbox-slideshow=\"1d86f3d\" data-elementor-lightbox-title=\"Fischer - Gl\u00fcck\" e-action-hash=\"#elementor-action%3Aaction%3Dlightbox%26settings%3DeyJpZCI6MjU5NCwidXJsIjoiaHR0cHM6XC9cL3d3dy5zZmMtZWxsZXJzdGFkdC5kZVwvd3BfY21zXC93cC1jb250ZW50XC91cGxvYWRzXC8yMDIxXC8wNVwvRmlzY2hlci1HbHVlY2stMS5qcGciLCJzbGlkZXNob3ciOiIxZDg2ZjNkIn0%3D\">\t\t<div class=\"elementor-carousel-image\" style=\"background-image: url(https:\/\/www.sfc-ellerstadt.de\/wp_cms\/wp-content\/uploads\/2021\/05\/Fischer-Glueck-1.jpg)\">\n\t\t\t\t\t<\/div>\n\t\t<\/a>\t\t\t\t\t\t<\/div>\n\t\t\t\t\t\t\t\t\t<\/div>\n\t\t\t\t\t\t\t\t\t\t\t\t\t\t\t<div class=\"swiper-pagination\"><\/div>\n\t\t\t\t\t\t\t\t\t\t\t\t\t\t\t\t<div class=\"elementor-swiper-button elementor-swiper-button-prev\">\n\t\t\t\t\t\t\t<i class=\"eicon-chevron-left\" aria-hidden=\"true\"><\/i>\n\t\t\t\t\t\t\t<span class=\"elementor-screen-only\">Previous<\/span>\n\t\t\t\t\t\t<\/div>\n\t\t\t\t\t\t<div class=\"elementor-swiper-button elementor-swiper-button-next\">\n\t\t\t\t\t\t\t<i class=\"eicon-chevron-right\" aria-hidden=\"true\"><\/i>\n\t\t\t\t\t\t\t<span class=\"elementor-screen-only\">Next<\/span>\n\t\t\t\t\t\t<\/div>\n\t\t\t\t\t\t\t\t\t\t\t\t<\/div>\n\t\t<\/div>\n\t\t\t\t<\/div>\n\t\t\t\t<\/div>\n\t\t\t\t\t<\/div>\n\t\t<\/div>\n\t\t\t\t\t\t\t<\/div>\n\t\t<\/section>\n\t\t\t\t\t\t\t<\/div>\n\t\t","protected":false},"excerpt":{"rendered":"<p>Die SFC-Jugend Urspr\u00fcnglich einfach nur eine Bezeichnung f\u00fcr Kinder und Jugendliche im Verein. Heute stellt die Jugendgruppe einen sehr eigenst\u00e4ndigen Teil des SFC dar. Mit eigener Jugendordnung, selbst gew\u00e4hlter Leitung, einem Vertreter im Vorstand, Selbstverwaltung und eigenem Budget &#8211; und das Alles mit verbrieften Rechten, die in unserer neuen Satzung von 2019 festgehalten sind.\u00a0 So [&hellip;]<\/p>\n","protected":false},"author":1,"featured_media":0,"parent":8,"menu_order":0,"comment_status":"closed","ping_status":"closed","template":"elementor_header_footer","meta":{"footnotes":""},"class_list":["post-57","page","type-page","status-publish","hentry"],"_links":{"self":[{"href":"https:\/\/www.sfc-ellerstadt.de\/index.php?rest_route=\/wp\/v2\/pages\/57","targetHints":{"allow":["GET"]}}],"collection":[{"href":"https:\/\/www.sfc-ellerstadt.de\/index.php?rest_route=\/wp\/v2\/pages"}],"about":[{"href":"https:\/\/www.sfc-ellerstadt.de\/index.php?rest_route=\/wp\/v2\/types\/page"}],"author":[{"embeddable":true,"href":"https:\/\/www.sfc-ellerstadt.de\/index.php?rest_route=\/wp\/v2\/users\/1"}],"replies":[{"embeddable":true,"href":"https:\/\/www.sfc-ellerstadt.de\/index.php?rest_route=%2Fwp%2Fv2%2Fcomments&post=57"}],"version-history":[{"count":100,"href":"https:\/\/www.sfc-ellerstadt.de\/index.php?rest_route=\/wp\/v2\/pages\/57\/revisions"}],"predecessor-version":[{"id":3894,"href":"https:\/\/www.sfc-ellerstadt.de\/index.php?rest_route=\/wp\/v2\/pages\/57\/revisions\/3894"}],"up":[{"embeddable":true,"href":"https:\/\/www.sfc-ellerstadt.de\/index.php?rest_route=\/wp\/v2\/pages\/8"}],"wp:attachment":[{"href":"https:\/\/www.sfc-ellerstadt.de\/index.php?rest_route=%2Fwp%2Fv2%2Fmedia&parent=57"}],"curies":[{"name":"wp","href":"https:\/\/api.w.org\/{rel}","templated":true}]}}